{"id":4295,"date":"2020-12-22T23:17:34","date_gmt":"2022-04-19T00:47:29","guid":{"rendered":"https:\/\/fontanus.hu\/product\/the-theoretics\/"},"modified":"2022-04-19T01:47:29","modified_gmt":"2022-04-19T00:47:29","slug":"a-teoretika-2","status":"publish","type":"product","link":"https:\/\/fontanus.hu\/en\/product\/a-teoretika-2\/","title":{"rendered":"The Theoretics"},"content":{"rendered":"<p><em>What is man? What is reality?<\/em><br \/>\n<em>How does reality affect man? And man to reality?<\/em><br \/>\n<em><a href=\"https:\/\/ateoretika.hu\/\">How do we think?<\/a><\/em><br \/>\n<em>What is information? What is <a href=\"https:\/\/ateoretika.hu\/\">attention<\/a>? What is the feeling? What is consciousness? What is intellect?<\/em><br \/>\n<em>And how can all this be described in an all-encompassing system?<\/em><\/p>\n<p><a href=\"https:\/\/ateoretika.hu\/\">The second book of Bal\u00e1zs T\u00f6r\u00f6k-Szab\u00f3<\/a> presents this exciting, constantly changing, constantly moving system in detail, in its context.<\/p>\n<p>Through the description of the book, the Reader can get to know and understand the operation and relationship between himself and reality.<\/p>\n<p>&nbsp;<\/p>\n","protected":false},"excerpt":{"rendered":"<div id=\"A teoretika\">\n<div id=\"ateoretika\" class=\"fusion-fullwidth fullwidth-box fusion-builder-row-2 hundred-percent-fullwidth non-hundred-percent-height-scrolling fusion-equal-height-columns\">\n<div class=\"fusion-builder-row fusion-row \">\n<div class=\"fusion-layout-column fusion_builder_column fusion_builder_column_1_1 fusion-builder-column-2 fusion-one-full fusion-column-first fusion-column-last 1_1\">\n<div class=\"fusion-column-wrapper\" data-bg-url=\"\">\n<div class=\"fusion-text\">\n<p><em>What is man? What is reality?<\/em><br \/>\n<em>How does reality affect man? And man to reality?<\/em><br \/>\n<em>What is information? What is attention? What is the feeling? What is consciousness? What is intellect?<\/em><br \/>\n<em>And how can all this be described in an all-encompassing system?<\/em><\/p>\n<p>The anatomy of consciousness &#8211; about man, for man.<\/p>\n<\/div>\n<div class=\"fusion-clearfix\"><\/div>\n<\/div>\n<\/div>\n<\/div>\n<\/div>\n<\/div>\n","protected":false},"featured_media":4038,"template":"","meta":[],"product_cat":[307],"product_tag":[276,250,258,264,261,252,234],"aioseo_notices":[],"_links":{"self":[{"href":"https:\/\/fontanus.hu\/en\/wp-json\/wp\/v2\/product\/4295"}],"collection":[{"href":"https:\/\/fontanus.hu\/en\/wp-json\/wp\/v2\/product"}],"about":[{"href":"https:\/\/fontanus.hu\/en\/wp-json\/wp\/v2\/types\/product"}],"version-history":[{"count":0,"href":"https:\/\/fontanus.hu\/en\/wp-json\/wp\/v2\/product\/4295\/revisions"}],"wp:featuredmedia":[{"embeddable":true,"href":"https:\/\/fontanus.hu\/en\/wp-json\/wp\/v2\/media\/4038"}],"wp:attachment":[{"href":"https:\/\/fontanus.hu\/en\/wp-json\/wp\/v2\/media?parent=4295"}],"wp:term":[{"taxonomy":"product_cat","embeddable":true,"href":"https:\/\/fontanus.hu\/en\/wp-json\/wp\/v2\/product_cat?post=4295"},{"taxonomy":"product_tag","embeddable":true,"href":"https:\/\/fontanus.hu\/en\/wp-json\/wp\/v2\/product_tag?post=4295"}],"curies":[{"name":"wp","href":"https:\/\/api.w.org\/{rel}","templated":true}]}}