{"id":4298,"date":"2020-12-22T23:17:34","date_gmt":"2022-04-19T01:01:21","guid":{"rendered":"https:\/\/fontanus.hu\/product\/the-theory\/"},"modified":"2022-04-19T02:01:21","modified_gmt":"2022-04-19T01:01:21","slug":"a-teoria-2","status":"publish","type":"product","link":"https:\/\/fontanus.hu\/en\/product\/a-teoria-2\/","title":{"rendered":"The Theory"},"content":{"rendered":"<p><em>Is life a series of changes in which we have no say?<\/em><br \/>\n<em>Is there a difference between change and development?<\/em><br \/>\n<a href=\"https:\/\/ateoria.hu\/\"><em>What does it mean to decide?<\/em><\/a><br \/>\n<em>How do I know if we are experiencing reality?<\/em><\/p>\n<p>Among other things, <a href=\"https:\/\/ateoria.hu\/\">the first book of the contemporary philosopher Bal\u00e1zs T\u00f6r\u00f6k-Szab\u00f3<\/a> examines these issues and sheds light on the <a href=\"https:\/\/ateoria.hu\/\">problems of everyday<\/a>life through these questions. It pushes boundaries, questions things, marks a new direction: the path of development.<\/p>\n<p><strong>Everyone can do themselves to develop, to <a href=\"https:\/\/ateoria.hu\/\">become aware<\/a>, to understand themselves.<\/strong> The book offers tools for this work and provides a new kind of approach that can radically change the reader\u2019s relationship to the world &#8211; and to himself.<\/p>\n","protected":false},"excerpt":{"rendered":"<p><em>Is life a series of changes in which we have no say?<\/em><br \/>\n<em>Is there a difference between change and development?<\/em><br \/>\n<em>What does it mean to decide?<\/em><br \/>\n<em>How do I know if we are experiencing reality?<\/em><\/p>\n<p>Exciting questions, thought-provoking answers to everyday problems.<\/p>\n","protected":false},"featured_media":4039,"template":"","meta":[],"product_cat":[307],"product_tag":[232,247,250,274,235],"aioseo_notices":[],"_links":{"self":[{"href":"https:\/\/fontanus.hu\/en\/wp-json\/wp\/v2\/product\/4298"}],"collection":[{"href":"https:\/\/fontanus.hu\/en\/wp-json\/wp\/v2\/product"}],"about":[{"href":"https:\/\/fontanus.hu\/en\/wp-json\/wp\/v2\/types\/product"}],"version-history":[{"count":0,"href":"https:\/\/fontanus.hu\/en\/wp-json\/wp\/v2\/product\/4298\/revisions"}],"wp:featuredmedia":[{"embeddable":true,"href":"https:\/\/fontanus.hu\/en\/wp-json\/wp\/v2\/media\/4039"}],"wp:attachment":[{"href":"https:\/\/fontanus.hu\/en\/wp-json\/wp\/v2\/media?parent=4298"}],"wp:term":[{"taxonomy":"product_cat","embeddable":true,"href":"https:\/\/fontanus.hu\/en\/wp-json\/wp\/v2\/product_cat?post=4298"},{"taxonomy":"product_tag","embeddable":true,"href":"https:\/\/fontanus.hu\/en\/wp-json\/wp\/v2\/product_tag?post=4298"}],"curies":[{"name":"wp","href":"https:\/\/api.w.org\/{rel}","templated":true}]}}